{"id":2966,"date":"2023-05-16T11:12:12","date_gmt":"2023-05-16T11:12:12","guid":{"rendered":"https:\/\/demo.ad-verbum.com\/apoio-linguistico-a-empresas\/"},"modified":"2023-10-08T13:28:39","modified_gmt":"2023-10-08T13:28:39","slug":"apoio-linguistico-a-empresas","status":"publish","type":"page","link":"https:\/\/adverbuminternational.com\/pt-pt\/apoio-linguistico-a-empresas\/","title":{"rendered":"Apoio lingu\u00edstico \u00e0s empresas"},"content":{"rendered":"\t\t<div data-elementor-type=\"wp-page\" data-elementor-id=\"2966\" class=\"elementor elementor-2966 elementor-2671\" data-elementor-post-type=\"page\">\n\t\t\t\t\t\t<section class=\"elementor-section elementor-top-section elementor-element elementor-element-7c4fb58 elementor-section-boxed elementor-section-height-default elementor-section-height-default\" data-id=\"7c4fb58\" data-element_type=\"section\" data-settings=\"{&quot;background_background&quot;:&quot;gradient&quot;,&quot;shape_divider_top&quot;:&quot;mountains&quot;}\">\n\t\t\t\t\t<div class=\"elementor-shape elementor-shape-top\" aria-hidden=\"true\" data-negative=\"false\">\n\t\t\t<svg xmlns=\"http:\/\/www.w3.org\/2000\/svg\" viewBox=\"0 0 1000 100\" preserveAspectRatio=\"none\">\n\t<path class=\"elementor-shape-fill\" opacity=\"0.33\" d=\"M473,67.3c-203.9,88.3-263.1-34-320.3,0C66,119.1,0,59.7,0,59.7V0h1000v59.7 c0,0-62.1,26.1-94.9,29.3c-32.8,3.3-62.8-12.3-75.8-22.1C806,49.6,745.3,8.7,694.9,4.7S492.4,59,473,67.3z\"\/>\n\t<path class=\"elementor-shape-fill\" opacity=\"0.66\" d=\"M734,67.3c-45.5,0-77.2-23.2-129.1-39.1c-28.6-8.7-150.3-10.1-254,39.1 s-91.7-34.4-149.2,0C115.7,118.3,0,39.8,0,39.8V0h1000v36.5c0,0-28.2-18.5-92.1-18.5C810.2,18.1,775.7,67.3,734,67.3z\"\/>\n\t<path class=\"elementor-shape-fill\" d=\"M766.1,28.9c-200-57.5-266,65.5-395.1,19.5C242,1.8,242,5.4,184.8,20.6C128,35.8,132.3,44.9,89.9,52.5C28.6,63.7,0,0,0,0 h1000c0,0-9.9,40.9-83.6,48.1S829.6,47,766.1,28.9z\"\/>\n<\/svg>\t\t<\/div>\n\t\t\t\t\t<div class=\"elementor-container elementor-column-gap-default\">\n\t\t\t\t\t<div class=\"elementor-column elementor-col-100 elementor-top-column elementor-element elementor-element-1aeec21\" data-id=\"1aeec21\" data-element_type=\"column\">\n\t\t\t<div class=\"elementor-widget-wrap elementor-element-populated\">\n\t\t\t\t\t\t<div class=\"elementor-element elementor-element-901a693 elementor-widget elementor-widget-dotox_blockquote\" data-id=\"901a693\" data-element_type=\"widget\" data-widget_type=\"dotox_blockquote.default\">\n\t\t\t\t<div class=\"elementor-widget-container\">\n\t\t\t\t\t            <blockquote>\n                <div class=\"icon-box\"><i class=\"fas fa-quote-right\"><\/i><\/div>\n                <h4>Todo o nosso trabalho tem como objetivo ajudar os nossos clientes com rela\u00e7\u00f5es no estrangeiro ou com neg\u00f3cios e organiza\u00e7\u00f5es estrangeiras estabelecidas em Portugal. A nossa miss\u00e3o \u00e9 assegurar que as l\u00ednguas servem de facilitador, e n\u00e3o de barreira, para que o seu neg\u00f3cio n\u00e3o conhe\u00e7a fronteiras.<\/h4>\n            <\/blockquote>\n\t\t\t\t<\/div>\n\t\t\t\t<\/div>\n\t\t\t\t<div class=\"elementor-element elementor-element-ec3f187 elementor-widget elementor-widget-dotox_feature\" data-id=\"ec3f187\" data-element_type=\"widget\" data-widget_type=\"dotox_feature.default\">\n\t\t\t\t<div class=\"elementor-widget-container\">\n\t\t\t\t\t\t\t\t<!-- feature-section -->\n\t\t\t<section class=\"feature-section sec-pad bg-color-1 centred\">\n\t\t\t\t<div class=\"auto-container\">\n\t\t\t\t\t<div class=\"sec-title text-center\">\n\t\t\t\t\t\t<h6><\/h6>\n\t\t\t\t\t\t<h2>Para isso, oferecemos:<\/h2>\n\t\t\t\t\t<\/div>\n\t\t\t\t\t<div class=\"row clearfix\">\n\t\t\t\t\t\t\t\t\t\t\t\t\t<div class=\"col-lg-4 col-md-6 col-sm-12 feature-block\">\n\t\t\t\t\t\t\t\t<div class=\"feature-block-one\">\n\t\t\t\t\t\t\t\t\t<div class=\"inner-box\">\n\t\t\t\t\t\t\t\t\t\t<div class=\"icon-box\">\n\t\t\t\t\t\t\t\t\t\t\t<div class=\"icon\"><i aria-hidden=\"true\" class=\"far fa-paper-plane\"><\/i><\/div>\n\t\t\t\t\t\t\t\t\t\t<\/div>\n\t\t\t\t\t\t\t\t\t\t<h3><\/h3>\n\t\t\t\t\t\t\t\t\t\t<p>Um servi\u00e7o de comunica\u00e7\u00e3o e de correspond\u00eancia imediato em todas as l\u00ednguas, por correio eletr\u00f3nico, telefone, correio postal ou qualquer outro meio.<\/p>\n\t\t\t\t\t\t\t\t\t\t<div class=\"link\"><a href=\"\"  ><\/a><\/div>\n\t\t\t\t\t\t\t\t\t<\/div>\n\t\t\t\t\t\t\t\t<\/div>\n\t\t\t\t\t\t\t<\/div>\n\t\t\t\t\t\t\t\t\t\t\t\t\t<div class=\"col-lg-4 col-md-6 col-sm-12 feature-block\">\n\t\t\t\t\t\t\t\t<div class=\"feature-block-one\">\n\t\t\t\t\t\t\t\t\t<div class=\"inner-box\">\n\t\t\t\t\t\t\t\t\t\t<div class=\"icon-box\">\n\t\t\t\t\t\t\t\t\t\t\t<div class=\"icon\"><i aria-hidden=\"true\" class=\"fas fa-fingerprint\"><\/i><\/div>\n\t\t\t\t\t\t\t\t\t\t<\/div>\n\t\t\t\t\t\t\t\t\t\t<h3><\/h3>\n\t\t\t\t\t\t\t\t\t\t<p>Um servi\u00e7o r\u00e1pido de autentica\u00e7\u00e3o e certifica\u00e7\u00e3o junto de not\u00e1rios, solicitadores, embaixadas ou da Procuradoria-Geral da Rep\u00fablica (Apostila de Haia). <\/p>\n\t\t\t\t\t\t\t\t\t\t<div class=\"link\"><a href=\"\"  ><\/a><\/div>\n\t\t\t\t\t\t\t\t\t<\/div>\n\t\t\t\t\t\t\t\t<\/div>\n\t\t\t\t\t\t\t<\/div>\n\t\t\t\t\t\t\t\t\t\t\t\t\t<div class=\"col-lg-4 col-md-6 col-sm-12 feature-block\">\n\t\t\t\t\t\t\t\t<div class=\"feature-block-one\">\n\t\t\t\t\t\t\t\t\t<div class=\"inner-box\">\n\t\t\t\t\t\t\t\t\t\t<div class=\"icon-box\">\n\t\t\t\t\t\t\t\t\t\t\t<div class=\"icon\"><i aria-hidden=\"true\" class=\"fas fa-language\"><\/i><\/div>\n\t\t\t\t\t\t\t\t\t\t<\/div>\n\t\t\t\t\t\t\t\t\t\t<h3><\/h3>\n\t\t\t\t\t\t\t\t\t\t<p>Apoio lingu\u00edstico completo para visitas de empres\u00e1rios estrangeiros a Portugal ou para empres\u00e1rios portugueses em desloca\u00e7\u00e3o ao estrangeiro.  <\/p>\n\t\t\t\t\t\t\t\t\t\t<div class=\"link\"><a href=\"\"  ><\/a><\/div>\n\t\t\t\t\t\t\t\t\t<\/div>\n\t\t\t\t\t\t\t\t<\/div>\n\t\t\t\t\t\t\t<\/div>\n\t\t\t\t\t\t\t\t\t\t\t<\/div>\n\t\t\t\t<\/div>\n\t\t\t<\/section>\n\t\t\t<!-- feature-section end -->\n\t\t\t\t\t\t<\/div>\n\t\t\t\t<\/div>\n\t\t\t\t\t<\/div>\n\t\t<\/div>\n\t\t\t\t\t<\/div>\n\t\t<\/section>\n\t\t\t\t<\/div>\n\t\t","protected":false},"excerpt":{"rendered":"<p>Todo o nosso trabalho tem como objetivo ajudar os nossos clientes com rela\u00e7\u00f5es no estrangeiro ou com neg\u00f3cios e organiza\u00e7\u00f5es estrangeiras estabelecidas em Portugal. A nossa miss\u00e3o \u00e9 assegurar que as l\u00ednguas servem de facilitador, e n\u00e3o de barreira, para que o seu neg\u00f3cio n\u00e3o conhe\u00e7a fronteiras. Para isso, oferecemos: Um servi\u00e7o de comunica\u00e7\u00e3o e [&hellip;]<\/p>\n","protected":false},"author":1,"featured_media":0,"parent":0,"menu_order":0,"comment_status":"closed","ping_status":"closed","template":"elementor_header_footer","meta":{"_acf_changed":false,"footnotes":""},"class_list":["post-2966","page","type-page","status-publish","hentry"],"acf":[],"_links":{"self":[{"href":"https:\/\/adverbuminternational.com\/pt-pt\/wp-json\/wp\/v2\/pages\/2966","targetHints":{"allow":["GET"]}}],"collection":[{"href":"https:\/\/adverbuminternational.com\/pt-pt\/wp-json\/wp\/v2\/pages"}],"about":[{"href":"https:\/\/adverbuminternational.com\/pt-pt\/wp-json\/wp\/v2\/types\/page"}],"author":[{"embeddable":true,"href":"https:\/\/adverbuminternational.com\/pt-pt\/wp-json\/wp\/v2\/users\/1"}],"replies":[{"embeddable":true,"href":"https:\/\/adverbuminternational.com\/pt-pt\/wp-json\/wp\/v2\/comments?post=2966"}],"version-history":[{"count":12,"href":"https:\/\/adverbuminternational.com\/pt-pt\/wp-json\/wp\/v2\/pages\/2966\/revisions"}],"predecessor-version":[{"id":3775,"href":"https:\/\/adverbuminternational.com\/pt-pt\/wp-json\/wp\/v2\/pages\/2966\/revisions\/3775"}],"wp:attachment":[{"href":"https:\/\/adverbuminternational.com\/pt-pt\/wp-json\/wp\/v2\/media?parent=2966"}],"curies":[{"name":"wp","href":"https:\/\/api.w.org\/{rel}","templated":true}]}}