{"id":2965,"date":"2023-05-16T11:25:45","date_gmt":"2023-05-16T11:25:45","guid":{"rendered":"https:\/\/demo.ad-verbum.com\/interpretacao\/"},"modified":"2023-10-23T13:23:22","modified_gmt":"2023-10-23T13:23:22","slug":"interpretacao","status":"publish","type":"page","link":"https:\/\/adverbuminternational.com\/pt-pt\/interpretacao\/","title":{"rendered":"Interpreta\u00e7\u00e3o"},"content":{"rendered":"\t\t<div data-elementor-type=\"wp-page\" data-elementor-id=\"2965\" class=\"elementor elementor-2965 elementor-2678\" data-elementor-post-type=\"page\">\n\t\t\t\t\t\t<section class=\"elementor-section elementor-top-section elementor-element elementor-element-3ca078f elementor-section-boxed elementor-section-height-default elementor-section-height-default\" data-id=\"3ca078f\" data-element_type=\"section\" data-settings=\"{&quot;background_background&quot;:&quot;gradient&quot;,&quot;shape_divider_top&quot;:&quot;mountains&quot;}\">\n\t\t\t\t\t<div class=\"elementor-shape elementor-shape-top\" aria-hidden=\"true\" data-negative=\"false\">\n\t\t\t<svg xmlns=\"http:\/\/www.w3.org\/2000\/svg\" viewBox=\"0 0 1000 100\" preserveAspectRatio=\"none\">\n\t<path class=\"elementor-shape-fill\" opacity=\"0.33\" d=\"M473,67.3c-203.9,88.3-263.1-34-320.3,0C66,119.1,0,59.7,0,59.7V0h1000v59.7 c0,0-62.1,26.1-94.9,29.3c-32.8,3.3-62.8-12.3-75.8-22.1C806,49.6,745.3,8.7,694.9,4.7S492.4,59,473,67.3z\"\/>\n\t<path class=\"elementor-shape-fill\" opacity=\"0.66\" d=\"M734,67.3c-45.5,0-77.2-23.2-129.1-39.1c-28.6-8.7-150.3-10.1-254,39.1 s-91.7-34.4-149.2,0C115.7,118.3,0,39.8,0,39.8V0h1000v36.5c0,0-28.2-18.5-92.1-18.5C810.2,18.1,775.7,67.3,734,67.3z\"\/>\n\t<path class=\"elementor-shape-fill\" d=\"M766.1,28.9c-200-57.5-266,65.5-395.1,19.5C242,1.8,242,5.4,184.8,20.6C128,35.8,132.3,44.9,89.9,52.5C28.6,63.7,0,0,0,0 h1000c0,0-9.9,40.9-83.6,48.1S829.6,47,766.1,28.9z\"\/>\n<\/svg>\t\t<\/div>\n\t\t\t\t\t<div class=\"elementor-container elementor-column-gap-default\">\n\t\t\t\t\t<div class=\"elementor-column elementor-col-100 elementor-top-column elementor-element elementor-element-cc4fc55\" data-id=\"cc4fc55\" data-element_type=\"column\">\n\t\t\t<div class=\"elementor-widget-wrap elementor-element-populated\">\n\t\t\t\t\t\t<div class=\"elementor-element elementor-element-6c69e28 elementor-widget elementor-widget-dotox_blockquote\" data-id=\"6c69e28\" data-element_type=\"widget\" data-widget_type=\"dotox_blockquote.default\">\n\t\t\t\t<div class=\"elementor-widget-container\">\n\t\t\t\t\t            <blockquote>\n                <div class=\"icon-box\"><i class=\"fas fa-quote-right\"><\/i><\/div>\n                <h4>O departamento de interpreta\u00e7\u00e3o da Adverbum International oferece servi\u00e7os completos de interpreta\u00e7\u00e3o simult\u00e2nea, consecutiva (em tribunais e outros organismos oficiais) e de neg\u00f3cios. Contratamos apenas int\u00e9rpretes altamente qualificados e com larga experi\u00eancia. Com base no nosso grupo de int\u00e9rpretes profissionais, prestamos o servi\u00e7o de interpreta\u00e7\u00e3o mais adequado \u00e0 ocasi\u00e3o, desde reuni\u00f5es informais a confer\u00eancias internacionais. Temos tamb\u00e9m uma grande experi\u00eancia em aconselhamento aos clientes sobre o melhor tipo de interpreta\u00e7\u00e3o a adotar, a constitui\u00e7\u00e3o de equipas de int\u00e9rpretes e os locais dos eventos. \n<br\/><br\/>\nPara garantir que tudo corra bem e sem falhas, estabelecemos uma parceria com um fornecedor especializado em todos os apoios t\u00e9cnicos (som e imagem) necess\u00e1rios para apoiar os nossos servi\u00e7os de interpreta\u00e7\u00e3o. Convidamo-lo a tirar partido desta integra\u00e7\u00e3o, se for adequada \u00e0s suas necessidades. <\/h4>\n            <\/blockquote>\n\t\t\t\t<\/div>\n\t\t\t\t<\/div>\n\t\t\t\t<section class=\"elementor-section elementor-inner-section elementor-element elementor-element-2a51bdc elementor-section-boxed elementor-section-height-default elementor-section-height-default\" data-id=\"2a51bdc\" data-element_type=\"section\">\n\t\t\t\t\t\t<div class=\"elementor-container elementor-column-gap-default\">\n\t\t\t\t\t<div class=\"elementor-column elementor-col-50 elementor-inner-column elementor-element elementor-element-714d10b\" data-id=\"714d10b\" data-element_type=\"column\">\n\t\t\t<div class=\"elementor-widget-wrap elementor-element-populated\">\n\t\t\t\t\t\t<div class=\"elementor-element elementor-element-e133ca5 elementor-button-success elementor-align-center elementor-widget elementor-widget-button\" data-id=\"e133ca5\" data-element_type=\"widget\" data-widget_type=\"button.default\">\n\t\t\t\t<div class=\"elementor-widget-container\">\n\t\t\t\t\t\t\t\t\t<div class=\"elementor-button-wrapper\">\n\t\t\t\t\t<a class=\"elementor-button elementor-button-link elementor-size-sm\" href=\"https:\/\/adverbuminternational.com\/pt-pt\/pedido-de-orcamento-para-traducoes-2\/\">\n\t\t\t\t\t\t<span class=\"elementor-button-content-wrapper\">\n\t\t\t\t\t\t\t\t\t<span class=\"elementor-button-text\">Solicite-nos um or\u00e7amento para Interpreta\u00e7\u00e3o Consecutiva<\/span>\n\t\t\t\t\t<\/span>\n\t\t\t\t\t<\/a>\n\t\t\t\t<\/div>\n\t\t\t\t\t\t\t\t<\/div>\n\t\t\t\t<\/div>\n\t\t\t\t\t<\/div>\n\t\t<\/div>\n\t\t\t\t<div class=\"elementor-column elementor-col-50 elementor-inner-column elementor-element elementor-element-9c40b5d\" data-id=\"9c40b5d\" data-element_type=\"column\">\n\t\t\t<div class=\"elementor-widget-wrap elementor-element-populated\">\n\t\t\t\t\t\t<div class=\"elementor-element elementor-element-3c41d1e elementor-button-success elementor-align-center elementor-widget elementor-widget-button\" data-id=\"3c41d1e\" data-element_type=\"widget\" data-widget_type=\"button.default\">\n\t\t\t\t<div class=\"elementor-widget-container\">\n\t\t\t\t\t\t\t\t\t<div class=\"elementor-button-wrapper\">\n\t\t\t\t\t<a class=\"elementor-button elementor-button-link elementor-size-sm\" href=\"https:\/\/adverbuminternational.com\/pt-pt\/pedido-de-orcamento-para-traducoes-2\/\">\n\t\t\t\t\t\t<span class=\"elementor-button-content-wrapper\">\n\t\t\t\t\t\t\t\t\t<span class=\"elementor-button-text\">Solicite-nos um or\u00e7amento para Interpreta\u00e7\u00e3o Simult\u00e2nea<\/span>\n\t\t\t\t\t<\/span>\n\t\t\t\t\t<\/a>\n\t\t\t\t<\/div>\n\t\t\t\t\t\t\t\t<\/div>\n\t\t\t\t<\/div>\n\t\t\t\t\t<\/div>\n\t\t<\/div>\n\t\t\t\t\t<\/div>\n\t\t<\/section>\n\t\t\t\t\t<\/div>\n\t\t<\/div>\n\t\t\t\t\t<\/div>\n\t\t<\/section>\n\t\t\t\t<\/div>\n\t\t","protected":false},"excerpt":{"rendered":"<p>O departamento de interpreta\u00e7\u00e3o da Adverbum International oferece servi\u00e7os completos de interpreta\u00e7\u00e3o simult\u00e2nea, consecutiva (em tribunais e outros organismos oficiais) e de neg\u00f3cios. Contratamos apenas int\u00e9rpretes altamente qualificados e com larga experi\u00eancia. Com base no nosso grupo de int\u00e9rpretes profissionais, prestamos o servi\u00e7o de interpreta\u00e7\u00e3o mais adequado \u00e0 ocasi\u00e3o, desde reuni\u00f5es informais a confer\u00eancias internacionais. [&hellip;]<\/p>\n","protected":false},"author":1,"featured_media":0,"parent":0,"menu_order":0,"comment_status":"closed","ping_status":"closed","template":"elementor_header_footer","meta":{"_acf_changed":false,"footnotes":""},"class_list":["post-2965","page","type-page","status-publish","hentry"],"acf":[],"_links":{"self":[{"href":"https:\/\/adverbuminternational.com\/pt-pt\/wp-json\/wp\/v2\/pages\/2965","targetHints":{"allow":["GET"]}}],"collection":[{"href":"https:\/\/adverbuminternational.com\/pt-pt\/wp-json\/wp\/v2\/pages"}],"about":[{"href":"https:\/\/adverbuminternational.com\/pt-pt\/wp-json\/wp\/v2\/types\/page"}],"author":[{"embeddable":true,"href":"https:\/\/adverbuminternational.com\/pt-pt\/wp-json\/wp\/v2\/users\/1"}],"replies":[{"embeddable":true,"href":"https:\/\/adverbuminternational.com\/pt-pt\/wp-json\/wp\/v2\/comments?post=2965"}],"version-history":[{"count":24,"href":"https:\/\/adverbuminternational.com\/pt-pt\/wp-json\/wp\/v2\/pages\/2965\/revisions"}],"predecessor-version":[{"id":3985,"href":"https:\/\/adverbuminternational.com\/pt-pt\/wp-json\/wp\/v2\/pages\/2965\/revisions\/3985"}],"wp:attachment":[{"href":"https:\/\/adverbuminternational.com\/pt-pt\/wp-json\/wp\/v2\/media?parent=2965"}],"curies":[{"name":"wp","href":"https:\/\/api.w.org\/{rel}","templated":true}]}}