{"id":2956,"date":"2021-07-04T06:33:10","date_gmt":"2021-07-04T06:33:10","guid":{"rendered":"https:\/\/demo.ad-verbum.com\/contactos\/"},"modified":"2025-06-04T13:12:29","modified_gmt":"2025-06-04T13:12:29","slug":"contactos","status":"publish","type":"page","link":"https:\/\/adverbuminternational.com\/pt-pt\/contactos\/","title":{"rendered":"Contacte-nos"},"content":{"rendered":"\t\t<div data-elementor-type=\"wp-page\" data-elementor-id=\"2956\" class=\"elementor elementor-2956 elementor-15\" data-elementor-post-type=\"page\">\n\t\t\t\t\t\t<section class=\"elementor-section elementor-top-section elementor-element elementor-element-4e7c277 elementor-section-full_width elementor-section-height-default elementor-section-height-default\" data-id=\"4e7c277\" data-element_type=\"section\">\n\t\t\t\t\t\t<div class=\"elementor-container elementor-column-gap-no\">\n\t\t\t\t\t<div class=\"elementor-column elementor-col-100 elementor-top-column elementor-element elementor-element-f84da3c\" data-id=\"f84da3c\" data-element_type=\"column\">\n\t\t\t<div class=\"elementor-widget-wrap elementor-element-populated\">\n\t\t\t\t\t\t<div class=\"elementor-element elementor-element-49daf8e elementor-widget elementor-widget-html\" data-id=\"49daf8e\" data-element_type=\"widget\" data-widget_type=\"html.default\">\n\t\t\t\t<div class=\"elementor-widget-container\">\n\t\t\t\t\t<iframe src=\"https:\/\/www.google.com\/maps\/embed?pb=!1m18!1m12!1m3!1d3112.0145603311103!2d-9.148878499999999!3d38.7404281!2m3!1f0!2f0!3f0!3m2!1i1024!2i768!4f13.1!3m3!1m2!1s0xd19330908fb22af%3A0x96e44c9ec3299326!2sAdverbum%20International!5e0!3m2!1sen!2s!4v1749042712274!5m2!1sen!2s\" width=\"100%\" height=\"450\" style=\"border:0;\" allowfullscreen=\"\" loading=\"lazy\" referrerpolicy=\"no-referrer-when-downgrade\"><\/iframe>\t\t\t\t<\/div>\n\t\t\t\t<\/div>\n\t\t\t\t<div class=\"elementor-element elementor-element-eeb6ebb elementor-widget elementor-widget-dotox_contact\" data-id=\"eeb6ebb\" data-element_type=\"widget\" data-widget_type=\"dotox_contact.default\">\n\t\t\t\t<div class=\"elementor-widget-container\">\n\t\t\t\t\t\n            <!-- contact-style-two -->\n            <section class=\"contact-style-two sec-pad\">\n                <div class=\"auto-container\">\n                    <div class=\"sec-title ext-bold\">\n                        <h5>Contacte-nos<\/h5>\n                        <h2>Se tiver alguma d\u00favida, n\u00e3o hesite em contactar-nos<\/h2>\n                    <\/div>\n                    <div class=\"row clearfix\">\n                        <div class=\"col-lg-4 col-md-12 col-sm-12 info-column\">\n                            <div class=\"info-inner\">\n                                <ul class=\"info-list clearfix\">\n\n                                                                            <li>\n                                            <i aria-hidden=\"true\" class=\"fas fa-map-marker-alt\"><\/i>                                            <h3>Morada<\/h3>\n                                            <p>Rua das Camp\u00e2nulas, No 27 \u2013 Birre 2750-222 Cascais<\/p>\n                                        <\/li>\n                                                                            <li>\n                                            <i aria-hidden=\"true\" class=\"fas fa-phone\"><\/i>                                            <h3>Telefone<\/h3>\n                                            <p><a href=\"tel:+351213950061\"> +351 21 395 00 61<\/a><\/p>\n                                        <\/li>\n                                                                            <li>\n                                            <i aria-hidden=\"true\" class=\"fas fa-envelope-open\"><\/i>                                            <h3>E-mail<\/h3>\n                                            <p><a href=\"mailto:info@adverbuminternational.com\">info@adverbuminternational.com<\/a><\/p>\n                                        <\/li>\n                                                                    <\/ul>\n                            <\/div>\n                        <\/div>\n                        <div class=\"col-lg-8 col-md-12 col-sm-12 form-column\">\n                            <div class=\"form-inner\">\n\n                                \n<div class=\"wpcf7 no-js\" id=\"wpcf7-f3093-o1\" lang=\"en-US\" dir=\"ltr\" data-wpcf7-id=\"3093\">\n<div class=\"screen-reader-response\"><p role=\"status\" aria-live=\"polite\" aria-atomic=\"true\"><\/p> <ul><\/ul><\/div>\n<form action=\"\/pt-pt\/wp-json\/wp\/v2\/pages\/2956#wpcf7-f3093-o1\" method=\"post\" class=\"wpcf7-form init\" aria-label=\"Contact form\" novalidate=\"novalidate\" data-status=\"init\">\n<fieldset class=\"hidden-fields-container\"><input type=\"hidden\" name=\"_wpcf7\" value=\"3093\" \/><input type=\"hidden\" name=\"_wpcf7_version\" value=\"6.1.4\" \/><input type=\"hidden\" name=\"_wpcf7_locale\" value=\"en_US\" \/><input type=\"hidden\" name=\"_wpcf7_unit_tag\" value=\"wpcf7-f3093-o1\" \/><input type=\"hidden\" name=\"_wpcf7_container_post\" value=\"0\" \/><input type=\"hidden\" name=\"_wpcf7_posted_data_hash\" value=\"\" \/><input type=\"hidden\" name=\"_wpcf7_recaptcha_response\" value=\"\" \/>\n<\/fieldset>\n<p>Nome\n<\/p>\n<p><span class=\"wpcf7-form-control-wrap\" data-name=\"your-name\"><input size=\"40\" maxlength=\"400\" class=\"wpcf7-form-control wpcf7-text wpcf7-validates-as-required\" aria-required=\"true\" aria-invalid=\"false\" value=\"\" type=\"text\" name=\"your-name\" \/><\/span>\n<\/p>\n<p>Empresa\n<\/p>\n<p><span class=\"wpcf7-form-control-wrap\" data-name=\"your-company\"><input size=\"40\" maxlength=\"400\" class=\"wpcf7-form-control wpcf7-text\" aria-invalid=\"false\" value=\"\" type=\"text\" name=\"your-company\" \/><\/span>\n<\/p>\n<p>O seu e-mail\n<\/p>\n<p><span class=\"wpcf7-form-control-wrap\" data-name=\"your-email\"><input size=\"40\" maxlength=\"400\" class=\"wpcf7-form-control wpcf7-email wpcf7-validates-as-required wpcf7-text wpcf7-validates-as-email\" aria-required=\"true\" aria-invalid=\"false\" value=\"\" type=\"email\" name=\"your-email\" \/><\/span>\n<\/p>\n<p>Website\n<\/p>\n<p><span class=\"wpcf7-form-control-wrap\" data-name=\"website\"><input size=\"40\" maxlength=\"400\" class=\"wpcf7-form-control wpcf7-text\" aria-invalid=\"false\" value=\"\" type=\"text\" name=\"website\" \/><\/span>\n<\/p>\n<p>A sua mensagem\n<\/p>\n<p><span class=\"wpcf7-form-control-wrap\" data-name=\"your-message\"><textarea cols=\"40\" rows=\"10\" maxlength=\"2000\" class=\"wpcf7-form-control wpcf7-textarea\" aria-invalid=\"false\" name=\"your-message\"><\/textarea><\/span>\n<\/p>\n<p><input class=\"wpcf7-form-control wpcf7-submit has-spinner\" type=\"submit\" value=\"Enviar\" \/>\n<\/p><div class=\"wpcf7-response-output\" aria-hidden=\"true\"><\/div>\n<\/form>\n<\/div>\n\n                            <\/div>\n                        <\/div>\n                    <\/div>\n                <\/div>\n            <\/section>\n            <!-- contact-style-two end -->\n\t\t\t\t<\/div>\n\t\t\t\t<\/div>\n\t\t\t\t\t<\/div>\n\t\t<\/div>\n\t\t\t\t\t<\/div>\n\t\t<\/section>\n\t\t\t\t<\/div>\n\t\t","protected":false},"excerpt":{"rendered":"<p>Contacte-nos Se tiver alguma d\u00favida, n\u00e3o hesite em contactar-nos Morada Rua das Camp\u00e2nulas, No 27 \u2013 Birre 2750-222 Cascais Telefone +351 21 395 00 61 E-mail info@adverbuminternational.com<\/p>\n","protected":false},"author":1,"featured_media":2888,"parent":0,"menu_order":0,"comment_status":"closed","ping_status":"closed","template":"elementor_header_footer","meta":{"_acf_changed":false,"footnotes":""},"class_list":["post-2956","page","type-page","status-publish","has-post-thumbnail","hentry"],"acf":[],"_links":{"self":[{"href":"https:\/\/adverbuminternational.com\/pt-pt\/wp-json\/wp\/v2\/pages\/2956","targetHints":{"allow":["GET"]}}],"collection":[{"href":"https:\/\/adverbuminternational.com\/pt-pt\/wp-json\/wp\/v2\/pages"}],"about":[{"href":"https:\/\/adverbuminternational.com\/pt-pt\/wp-json\/wp\/v2\/types\/page"}],"author":[{"embeddable":true,"href":"https:\/\/adverbuminternational.com\/pt-pt\/wp-json\/wp\/v2\/users\/1"}],"replies":[{"embeddable":true,"href":"https:\/\/adverbuminternational.com\/pt-pt\/wp-json\/wp\/v2\/comments?post=2956"}],"version-history":[{"count":17,"href":"https:\/\/adverbuminternational.com\/pt-pt\/wp-json\/wp\/v2\/pages\/2956\/revisions"}],"predecessor-version":[{"id":4248,"href":"https:\/\/adverbuminternational.com\/pt-pt\/wp-json\/wp\/v2\/pages\/2956\/revisions\/4248"}],"wp:featuredmedia":[{"embeddable":true,"href":"https:\/\/adverbuminternational.com\/pt-pt\/wp-json\/wp\/v2\/media\/2888"}],"wp:attachment":[{"href":"https:\/\/adverbuminternational.com\/pt-pt\/wp-json\/wp\/v2\/media?parent=2956"}],"curies":[{"name":"wp","href":"https:\/\/api.w.org\/{rel}","templated":true}]}}